{"id":741,"date":"2025-01-06T16:21:03","date_gmt":"2025-01-06T15:21:03","guid":{"rendered":"https:\/\/aslcmc.asso.fr\/wp\/?page_id=741"},"modified":"2025-04-03T17:25:00","modified_gmt":"2025-04-03T15:25:00","slug":"les-tarifs-reliure","status":"publish","type":"page","link":"https:\/\/aslcmc.asso.fr\/wp\/les-tarifs-reliure\/","title":{"rendered":"Les tarifs &#8211; Reliure"},"content":{"rendered":"\t\t<div data-elementor-type=\"wp-page\" data-elementor-id=\"741\" class=\"elementor elementor-741\" data-elementor-post-type=\"page\">\n\t\t\t\t<div class=\"elementor-element elementor-element-ca7c592 e-con-full e-flex e-con e-parent\" data-id=\"ca7c592\" data-element_type=\"container\" data-e-type=\"container\">\n\t\t\t\t<div class=\"elementor-element elementor-element-9203ccb elementor-widget elementor-widget-html\" data-id=\"9203ccb\" data-element_type=\"widget\" data-e-type=\"widget\" data-widget_type=\"html.default\">\n\t\t\t\t<div class=\"elementor-widget-container\">\n\t\t\t\t\t<head>\n      <title>Tarifs Reliure ASLCMC - Ateliers \u00e0 Chelles<\/title>\n        <meta name=\"description\" content=\"Consultez les tarifs des ateliers de reliure de l'ASLCMC \u00e0 Chelles : apprenez l'art de la reliure et de la restauration de livres \u00e0 des prix accessibles.\">\n<\/head>\t\t\t\t<\/div>\n\t\t\t\t<\/div>\n\t\t<div class=\"elementor-element elementor-element-58b3401 e-con-full e-flex e-con e-child\" data-id=\"58b3401\" data-element_type=\"container\" data-e-type=\"container\">\n\t\t\t\t<div class=\"elementor-element elementor-element-7ba8b4e elementor-widget elementor-widget-heading\" data-id=\"7ba8b4e\" data-element_type=\"widget\" data-e-type=\"widget\" data-widget_type=\"heading.default\">\n\t\t\t\t<div class=\"elementor-widget-container\">\n\t\t\t\t\t<h1 class=\"elementor-heading-title elementor-size-default\">Reliure<\/h1>\t\t\t\t<\/div>\n\t\t\t\t<\/div>\n\t\t\t\t<div class=\"elementor-element elementor-element-8bb2df5 elementor-widget__width-initial elementor-widget-divider--view-line elementor-widget elementor-widget-divider\" data-id=\"8bb2df5\" data-element_type=\"widget\" data-e-type=\"widget\" data-widget_type=\"divider.default\">\n\t\t\t\t<div class=\"elementor-widget-container\">\n\t\t\t\t\t\t\t<div class=\"elementor-divider\">\n\t\t\t<span class=\"elementor-divider-separator\">\n\t\t\t\t\t\t<\/span>\n\t\t<\/div>\n\t\t\t\t\t\t<\/div>\n\t\t\t\t<\/div>\n\t\t\t\t<div class=\"elementor-element elementor-element-ff6ff4f elementor-widget elementor-widget-text-editor\" data-id=\"ff6ff4f\" data-element_type=\"widget\" data-e-type=\"widget\" data-widget_type=\"text-editor.default\">\n\t\t\t\t<div class=\"elementor-widget-container\">\n\t\t\t\t\t\t\t\t\t<p>Nos tarifs s\u2019entendent pour l\u2019ann\u00e9e compl\u00e8te.<\/p>\n<p>Pr\u00e9voir un ch\u00e8que par activit\u00e9, une adresse mail valide (ou deux enveloppes timbr\u00e9es) et une photo d\u2019identit\u00e9.<\/p>\n<p><span style=\"color: #ea7a05;\"><strong>Nouvelle adh\u00e9sion :<\/strong><\/span> <span style=\"color: #032297;\"><strong>20\u20ac<\/strong><\/span><\/p>\n<p><strong><span style=\"color: #032297;\">200\u20ac<\/span><\/strong> l\u2019ann\u00e9e.<\/p>\n<p>Le cours est ouvert chaque semaine :<br>&#8211; Une semaine en auto-gestion<br>&#8211; Une semaine avec le professeur<\/p>\n<p>Possibilit\u00e9 de r\u00e9gler en trois ch\u00e8ques sans frais avec encaissement en octobre, novembre et d\u00e9cembre.<\/p>\t\t\t\t\t\t\t\t<\/div>\n\t\t\t\t<\/div>\n\t\t\t\t<\/div>\n\t\t\t\t<\/div>\n\t\t\t\t<\/div>\n\t\t","protected":false},"excerpt":{"rendered":"<p>Tarifs Reliure ASLCMC &#8211; Ateliers \u00e0 Chelles Reliure Nos tarifs s\u2019entendent pour l\u2019ann\u00e9e compl\u00e8te. Pr\u00e9voir un ch\u00e8que par activit\u00e9, une adresse mail valide (ou deux enveloppes timbr\u00e9es) et une photo d\u2019identit\u00e9. Nouvelle adh\u00e9sion : 20\u20ac 200\u20ac l\u2019ann\u00e9e. Le cours est ouvert chaque semaine :&#8211; Une semaine en auto-gestion&#8211; Une semaine avec le professeur Possibilit\u00e9 de [&hellip;]<\/p>\n","protected":false},"author":1,"featured_media":0,"parent":0,"menu_order":0,"comment_status":"closed","ping_status":"closed","template":"elementor_header_footer","meta":{"footnotes":""},"class_list":["post-741","page","type-page","status-publish","hentry"],"_links":{"self":[{"href":"https:\/\/aslcmc.asso.fr\/wp\/wp-json\/wp\/v2\/pages\/741","targetHints":{"allow":["GET"]}}],"collection":[{"href":"https:\/\/aslcmc.asso.fr\/wp\/wp-json\/wp\/v2\/pages"}],"about":[{"href":"https:\/\/aslcmc.asso.fr\/wp\/wp-json\/wp\/v2\/types\/page"}],"author":[{"embeddable":true,"href":"https:\/\/aslcmc.asso.fr\/wp\/wp-json\/wp\/v2\/users\/1"}],"replies":[{"embeddable":true,"href":"https:\/\/aslcmc.asso.fr\/wp\/wp-json\/wp\/v2\/comments?post=741"}],"version-history":[{"count":9,"href":"https:\/\/aslcmc.asso.fr\/wp\/wp-json\/wp\/v2\/pages\/741\/revisions"}],"predecessor-version":[{"id":3707,"href":"https:\/\/aslcmc.asso.fr\/wp\/wp-json\/wp\/v2\/pages\/741\/revisions\/3707"}],"wp:attachment":[{"href":"https:\/\/aslcmc.asso.fr\/wp\/wp-json\/wp\/v2\/media?parent=741"}],"curies":[{"name":"wp","href":"https:\/\/api.w.org\/{rel}","templated":true}]}}